{"id":309,"date":"2020-01-13T11:17:52","date_gmt":"2020-01-13T11:17:52","guid":{"rendered":"https:\/\/demosites.io\/web-agency-gb\/?page_id=5"},"modified":"2026-02-18T16:00:47","modified_gmt":"2026-02-18T16:00:47","slug":"15c42-web-agency-gb-home","status":"publish","type":"page","link":"https:\/\/www.dronair.com.pl\/","title":{"rendered":"DRONAIR"},"content":{"rendered":"\n<div class=\"wp-block-cover alignfull is-light ticss-63afb190\" style=\"min-height:416px;aspect-ratio:unset;\" id=\"start\"><span aria-hidden=\"true\" class=\"wp-block-cover__background has-custom-3-background-color has-background-dim-0 has-background-dim\"><\/span><div class=\"wp-block-cover__inner-container is-layout-flow wp-block-cover-is-layout-flow\">\n<h1 class=\"wp-block-heading has-text-align-center has-nv-site-bg-color has-text-color\" style=\"font-style:normal;font-weight:700\">DRONAIR<\/h1>\n\n\n\n<h2 class=\"wp-block-heading has-text-align-center has-custom-1-color has-text-color\">Dronowe wsparcie inwestycji strukturalnych<\/h2>\n\n\n<div class=\"wp-block-image\">\n<figure class=\"aligncenter size-full is-resized\"><img data-opt-id=1107245038  fetchpriority=\"high\" decoding=\"async\" width=\"1\" height=\"1\" src=\"https:\/\/mlshm5dtppna.i.optimole.com\/w:auto\/h:auto\/q:mauto\/f:best\/https:\/\/www.dronair.com.pl\/wp-content\/uploads\/2026\/02\/linia.png\" alt=\"\" class=\"wp-image-507\" style=\"object-fit:cover;width:800px;height:2px\"\/><\/figure>\n<\/div>\n\n\n<h3 class=\"wp-block-heading has-text-align-center has-custom-1-color has-text-color has-link-color wp-elements-d6d56128a751aa7865911a4ccf06b963\"><br><br><br>DRONAIR \u2013 bo inwestycje wymagaj\u0105 rzetelnej informacji, a nie domys\u0142\u00f3w.<\/h3>\n<\/div><\/div>\n\n\n\n<div class=\"wp-block-cover alignfull\" style=\"padding-top:0;padding-bottom:0;min-height:523px;aspect-ratio:unset;\"><span aria-hidden=\"true\" class=\"wp-block-cover__background has-custom-5-background-color has-background-dim-100 has-background-dim\"><\/span><div class=\"wp-block-cover__inner-container is-layout-flow wp-block-cover-is-layout-flow\">\n<div class=\"wp-block-group\"><div class=\"wp-block-group__inner-container is-layout-flow wp-block-group-is-layout-flow\">\n<div class=\"wp-block-columns are-vertically-aligned-center is-layout-flex wp-container-core-columns-is-layout-9d6595d7 wp-block-columns-is-layout-flex\">\n<div class=\"wp-block-column is-vertically-aligned-center is-layout-flow wp-block-column-is-layout-flow\" style=\"flex-basis:100%\">\n<div class=\"wp-block-columns is-layout-flex wp-container-core-columns-is-layout-9d6595d7 wp-block-columns-is-layout-flex\">\n<div class=\"wp-block-column is-layout-flow wp-block-column-is-layout-flow\" style=\"flex-basis:66.66%\">\n<h2 class=\"wp-block-heading has-neve-text-color-color has-text-color has-link-color wp-elements-34fd7e8d8a433b3f7e969f56b236dda2\" id=\"o-mnie\"><br>JERZY PI\u0104TKIEWICZ<\/h2>\n\n\n\n<p class=\"has-neve-text-color-color has-text-color has-link-color wp-elements-f926efc47c7d965a11b3786ed7345cee\">Od ponad <strong>25 lat zawodowo zwi\u0105zany jestem z bran\u017c\u0105 budowlan\u0105.<\/strong><\/p>\n<\/div>\n\n\n\n<div class=\"wp-block-column is-layout-flow wp-block-column-is-layout-flow\"><\/div>\n\n\n\n<div class=\"wp-block-column is-layout-flow wp-block-column-is-layout-flow\" style=\"flex-basis:40%\"><\/div>\n<\/div>\n\n\n\n<h2 class=\"wp-block-heading has-neve-text-color-color has-text-color has-link-color wp-elements-e9be6eb09a1687574ef27ea9f68672ac\">O MNIE<\/h2>\n\n\n\n<p class=\"has-text-align-left has-neve-text-color-color has-text-color has-mobile-text-align-justify\" style=\"font-size:17px\">Do\u015bwiadczenie zdobywa\u0142em w du\u017cych organizacjach, przechodz\u0105c przez wiele szczebli \u2013 od pracy operacyjnej po stanowisko dyrektorskie. Pozwoli\u0142o mi to zrozumie\u0107 proces inwestycyjny w praktyce: tempo, odpowiedzialno\u015b\u0107 oraz wag\u0119 rzetelnych danych w podejmowaniu decyzji. Drony s\u0105 dla mnie&nbsp;<strong>narz\u0119dziem wspieraj\u0105cym inwestycje<\/strong>, umo\u017cliwiaj\u0105cym:<\/p>\n\n\n\n<div id=\"wp-block-themeisle-blocks-icon-list-ce81c934\" class=\"wp-block-themeisle-blocks-icon-list\">\n<div id=\"wp-block-themeisle-blocks-icon-list-item-99788a9b\" class=\"wp-block-themeisle-blocks-icon-list-item\"><i class=\"fas fa-dot-circle wp-block-themeisle-blocks-icon-list-item-icon-custom\"><\/i><p class=\"wp-block-themeisle-blocks-icon-list-item-content-custom\">szybk\u0105 ocen\u0119 post\u0119pu prac<\/p><\/div>\n\n\n\n<div id=\"wp-block-themeisle-blocks-icon-list-item-1c68c19c\" class=\"wp-block-themeisle-blocks-icon-list-item\"><i class=\"fas fa-dot-circle wp-block-themeisle-blocks-icon-list-item-icon-custom\"><\/i><p class=\"wp-block-themeisle-blocks-icon-list-item-content-custom\">inspekcj\u0119 terenu<\/p><\/div>\n\n\n\n<div id=\"wp-block-themeisle-blocks-icon-list-item-055d212e\" class=\"wp-block-themeisle-blocks-icon-list-item\"><i class=\"fas fa-dot-circle wp-block-themeisle-blocks-icon-list-item-icon-custom\"><\/i><p class=\"wp-block-themeisle-blocks-icon-list-item-content-custom\">analiz\u0119 obszar\u00f3w trudno dost\u0119pnych<\/p><\/div>\n<\/div>\n\n\n\n<p><\/p>\n\n\n\n<p class=\"has-text-align-left has-neve-text-color-color has-text-color\" style=\"font-size:17px\">Mobilno\u015b\u0107 i&nbsp;<strong>sprawny dojazd do klienta<\/strong>&nbsp;s\u0105 integraln\u0105 cz\u0119\u015bci\u0105 mojej dzia\u0142alno\u015bci.<\/p>\n<\/div>\n<\/div>\n\n\n\n<div style=\"height:40px\" aria-hidden=\"true\" class=\"wp-block-spacer\"><\/div>\n<\/div><\/div>\n<\/div><\/div>\n\n\n\n<div class=\"wp-block-cover alignfull has-nv-site-bg-color has-text-color has-link-color wp-elements-4f49b7f7aada1d2bde9f2c7a7245eac0\" style=\"padding-top:0;padding-bottom:0;min-height:600px;aspect-ratio:unset;\" id=\"profil\"><span aria-hidden=\"true\" class=\"wp-block-cover__background has-custom-3-background-color has-background-dim-100 has-background-dim\"><\/span><div class=\"wp-block-cover__inner-container is-layout-flow wp-block-cover-is-layout-flow\">\n<div class=\"wp-block-group\"><div class=\"wp-block-group__inner-container is-layout-flow wp-block-group-is-layout-flow\">\n<div class=\"wp-block-columns are-vertically-aligned-center is-layout-flex wp-container-core-columns-is-layout-9d6595d7 wp-block-columns-is-layout-flex\">\n<div class=\"wp-block-column is-vertically-aligned-center is-layout-flow wp-block-column-is-layout-flow\" style=\"flex-basis:100%\">\n<h2 class=\"wp-block-heading has-text-align-left has-nv-site-bg-color has-text-color\" id=\"profil-dzialalnosci\"><br>PROFIL DZIA\u0141ALNO\u015aCI<\/h2>\n\n\n\n<p class=\"has-text-align-left has-custom-1-color has-text-color has-tablet-text-align-justify has-mobile-text-align-justify\" style=\"font-size:17px\">DRONAIR \u015bwiadczy us\u0142ugi&nbsp;<strong>dokumentacji fotograficznej i inspekcji z powietrza<\/strong> dla inwestycji budowlanych i infrastrukturalnych.<\/p>\n\n\n\n<p class=\"has-custom-1-color has-text-color has-link-color wp-elements-c055406a5d789bda30166cf7be2d8d4d\"><strong>Zakres dzia\u0142a\u0144<\/strong>:<\/p>\n\n\n\n<div id=\"wp-block-themeisle-blocks-icon-list-613c685f\" class=\"wp-block-themeisle-blocks-icon-list\">\n<div id=\"wp-block-themeisle-blocks-icon-list-item-11984243\" class=\"wp-block-themeisle-blocks-icon-list-item\"><i class=\"fas fa-dot-circle wp-block-themeisle-blocks-icon-list-item-icon-custom\"><\/i><p class=\"wp-block-themeisle-blocks-icon-list-item-content-custom\"><span style=\"color:inherit;\">dokumentacja post\u0119pu prac<\/span><\/p><\/div>\n\n\n\n<div id=\"wp-block-themeisle-blocks-icon-list-item-2be89055\" class=\"wp-block-themeisle-blocks-icon-list-item\"><i class=\"fas fa-dot-circle wp-block-themeisle-blocks-icon-list-item-icon-custom\"><\/i><p class=\"wp-block-themeisle-blocks-icon-list-item-content-custom\">obloty inwestycji i teren\u00f3w<\/p><\/div>\n\n\n\n<div id=\"wp-block-themeisle-blocks-icon-list-item-a74371cb\" class=\"wp-block-themeisle-blocks-icon-list-item\"><i class=\"fas fa-dot-circle wp-block-themeisle-blocks-icon-list-item-icon-custom\"><\/i><p class=\"wp-block-themeisle-blocks-icon-list-item-content\"><span style=\"color:inherit;\">inspekcje teren\u00f3w trudno dost\u0119pnych<\/span><\/p><\/div>\n\n\n\n<div id=\"wp-block-themeisle-blocks-icon-list-item-1177519b\" class=\"wp-block-themeisle-blocks-icon-list-item\"><i class=\"fas fa-dot-circle wp-block-themeisle-blocks-icon-list-item-icon-custom\"><\/i><p class=\"wp-block-themeisle-blocks-icon-list-item-content\"><span style=\"color:inherit;\">inspekcje terenu<\/span><\/p><\/div>\n\n\n\n<div id=\"wp-block-themeisle-blocks-icon-list-item-71d7020c\" class=\"wp-block-themeisle-blocks-icon-list-item\"><i class=\"fas fa-dot-circle wp-block-themeisle-blocks-icon-list-item-icon-custom\"><\/i><p class=\"wp-block-themeisle-blocks-icon-list-item-content\">analiza zagospodarowania terenu<\/p><\/div>\n\n\n\n<div id=\"wp-block-themeisle-blocks-icon-list-item-52bf6f05\" class=\"wp-block-themeisle-blocks-icon-list-item\"><i class=\"fas fa-dot-circle wp-block-themeisle-blocks-icon-list-item-icon-custom\"><\/i><p class=\"wp-block-themeisle-blocks-icon-list-item-content\">wsparcie nadzoru inwestorskiego<\/p><\/div>\n<\/div>\n<\/div>\n<\/div>\n\n\n\n<div style=\"height:40px\" aria-hidden=\"true\" class=\"wp-block-spacer\"><\/div>\n<\/div><\/div>\n<\/div><\/div>\n\n\n\n<h2 class=\"wp-block-heading\" id=\"jak-pracuje\"><br>JAK PRACUJ\u0118<\/h2>\n\n\n\n<div style=\"height:45px\" aria-hidden=\"true\" class=\"wp-block-spacer\"><\/div>\n\n\n\n<div class=\"wp-block-columns is-layout-flex wp-container-core-columns-is-layout-9d6595d7 wp-block-columns-is-layout-flex\">\n<div class=\"wp-block-column is-layout-flow wp-block-column-is-layout-flow\"><div class=\"wp-block-image icon-style is-style-rounded\">\n<figure class=\"aligncenter size-full\"><img data-opt-id=256431532  fetchpriority=\"high\" decoding=\"async\" width=\"72\" height=\"72\" src=\"https:\/\/mlshm5dtppna.i.optimole.com\/w:auto\/h:auto\/q:mauto\/f:best\/https:\/\/www.dronair.com.pl\/wp-content\/uploads\/2026\/02\/1-1.png\" alt=\"\" class=\"wp-image-623\" title=\"\"\/><\/figure>\n<\/div>\n\n\n<div style=\"height:20px\" aria-hidden=\"true\" class=\"wp-block-spacer\"><\/div>\n\n\n\n<h3 class=\"wp-block-heading has-text-align-center has-neve-text-color-color has-text-color\">Ustalenie zakresu<\/h3>\n\n\n\n<p class=\"has-text-align-center\">Zakres dopasowany do etapu i specyfiki inwestycji.<\/p>\n\n\n\n<div style=\"height:20px\" aria-hidden=\"true\" class=\"wp-block-spacer\"><\/div>\n<\/div>\n\n\n\n<div class=\"wp-block-column is-layout-flow wp-block-column-is-layout-flow\"><div class=\"wp-block-image icon-style is-style-rounded\">\n<figure class=\"aligncenter size-full\"><img data-opt-id=2135897250  data-opt-src=\"https:\/\/mlshm5dtppna.i.optimole.com\/w:auto\/h:auto\/q:mauto\/f:best\/https:\/\/www.dronair.com.pl\/wp-content\/uploads\/2026\/02\/2-1.png\"  decoding=\"async\" width=\"72\" height=\"72\" src=\"data:image/svg+xml,%3Csvg%20viewBox%3D%220%200%20100%%20100%%22%20width%3D%22100%%22%20height%3D%22100%%22%20xmlns%3D%22http%3A%2F%2Fwww.w3.org%2F2000%2Fsvg%22%3E%3Crect%20width%3D%22100%%22%20height%3D%22100%%22%20fill%3D%22transparent%22%2F%3E%3C%2Fsvg%3E\" alt=\"\" class=\"wp-image-625\"\/><\/figure>\n<\/div>\n\n\n<div style=\"height:20px\" aria-hidden=\"true\" class=\"wp-block-spacer\"><\/div>\n\n\n\n<h3 class=\"wp-block-heading has-text-align-center has-neve-text-color-color has-text-color\">Oblot i dokumentacja<\/h3>\n\n\n\n<p class=\"has-text-align-center\">Sprawna realizacja bez ingerencji w prace na budowie.<\/p>\n\n\n\n<div style=\"height:20px\" aria-hidden=\"true\" class=\"wp-block-spacer\"><\/div>\n<\/div>\n\n\n\n<div class=\"wp-block-column is-layout-flow wp-block-column-is-layout-flow\"><div class=\"wp-block-image icon-style is-style-rounded\">\n<figure class=\"aligncenter size-full\"><img data-opt-id=1171884232  data-opt-src=\"https:\/\/mlshm5dtppna.i.optimole.com\/w:auto\/h:auto\/q:mauto\/f:best\/https:\/\/www.dronair.com.pl\/wp-content\/uploads\/2026\/02\/3-1.png\"  loading=\"lazy\" decoding=\"async\" width=\"72\" height=\"72\" src=\"data:image/svg+xml,%3Csvg%20viewBox%3D%220%200%20100%%20100%%22%20width%3D%22100%%22%20height%3D%22100%%22%20xmlns%3D%22http%3A%2F%2Fwww.w3.org%2F2000%2Fsvg%22%3E%3Crect%20width%3D%22100%%22%20height%3D%22100%%22%20fill%3D%22transparent%22%2F%3E%3C%2Fsvg%3E\" alt=\"\" class=\"wp-image-626\"\/><\/figure>\n<\/div>\n\n\n<div style=\"height:20px\" aria-hidden=\"true\" class=\"wp-block-spacer\"><\/div>\n\n\n\n<h3 class=\"wp-block-heading has-text-align-center has-neve-text-color-color has-text-color\">Materia\u0142y i analiza<\/h3>\n\n\n\n<p class=\"has-text-align-center\">Aktualne dane wspieraj\u0105ce decyzje inwestycyjne.<\/p>\n\n\n\n<div style=\"height:20px\" aria-hidden=\"true\" class=\"wp-block-spacer\"><\/div>\n<\/div>\n<\/div>\n\n\n\n<div class=\"wp-block-cover alignfull wp-duotone-unset-1\" style=\"padding-top:0;padding-bottom:0;min-height:600px;aspect-ratio:unset;\" id=\"kontakt\"><img data-opt-id=827026075  data-opt-src=\"https:\/\/mlshm5dtppna.i.optimole.com\/w:auto\/h:auto\/q:mauto\/f:best\/http:\/\/www.dronair.com.pl\/wp-content\/uploads\/2026\/02\/topography_map_design_0305-Converted.png\"  decoding=\"async\" class=\"wp-block-cover__image-background wp-image-565 size-full\" alt=\"\" src=\"data:image/svg+xml,%3Csvg%20viewBox%3D%220%200%20100%%20100%%22%20width%3D%22100%%22%20height%3D%22100%%22%20xmlns%3D%22http%3A%2F%2Fwww.w3.org%2F2000%2Fsvg%22%3E%3Crect%20width%3D%22100%%22%20height%3D%22100%%22%20fill%3D%22transparent%22%2F%3E%3C%2Fsvg%3E\" data-object-fit=\"cover\"\/><span aria-hidden=\"true\" class=\"wp-block-cover__background has-custom-5-background-color has-background-dim\"><\/span><div class=\"wp-block-cover__inner-container is-layout-flow wp-block-cover-is-layout-flow\">\n<div class=\"wp-block-group\"><div class=\"wp-block-group__inner-container is-layout-flow wp-block-group-is-layout-flow\">\n<div class=\"wp-block-columns are-vertically-aligned-center is-layout-flex wp-container-core-columns-is-layout-9d6595d7 wp-block-columns-is-layout-flex\">\n<div class=\"wp-block-column is-vertically-aligned-center is-layout-flow wp-block-column-is-layout-flow\" style=\"flex-basis:100%\">\n<h2 class=\"wp-block-heading has-text-align-left has-neve-text-color-color has-text-color\"><br>KONTAKT<\/h2>\n\n\n\n<p class=\"has-text-align-center has-neve-text-color-color has-text-color has-link-color wp-elements-f17a0588b1159100e95ee968c88b88f4\" style=\"font-size:17px\">Telefon: <strong>+48 726 001 558<\/strong><br>E-mail: <a href=\"mailto:j.piatkiewicz@dronair.com.pl\">j.piatkiewicz@dronair.com.pl<\/a><br><br>Obszar dzia\u0142ania: <strong>ca\u0142a Polska<\/strong><br><br>NIP: <strong>679 184 21 57<\/strong><\/p>\n\n\n<div class=\"wp-block-image\">\n<figure class=\"aligncenter size-full is-resized\"><img data-opt-id=1107245038  fetchpriority=\"high\" decoding=\"async\" width=\"1\" height=\"1\" src=\"https:\/\/mlshm5dtppna.i.optimole.com\/w:auto\/h:auto\/q:mauto\/f:best\/https:\/\/www.dronair.com.pl\/wp-content\/uploads\/2026\/02\/linia.png\" alt=\"\" class=\"wp-image-507\" style=\"object-fit:cover;width:800px;height:2px\"\/><\/figure>\n<\/div>\n\n\n<div style=\"height:55px\" aria-hidden=\"true\" class=\"wp-block-spacer\"><\/div>\n\n\n\n<p class=\"has-text-align-center has-neve-text-color-color has-text-color\" style=\"font-size:17px\"><strong>DRONAIR<\/strong><br>Dronowe wsparcie inwestycji strukturalnych<\/p>\n\n\n\n<p class=\"has-text-align-left has-neve-text-color-color has-text-color\" style=\"font-size:17px\"><\/p>\n\n\n\n<div style=\"height:40px\" aria-hidden=\"true\" class=\"wp-block-spacer\"><\/div>\n<\/div>\n<\/div>\n\n\n\n<div style=\"height:40px\" aria-hidden=\"true\" class=\"wp-block-spacer\"><\/div>\n<\/div><\/div>\n<\/div><\/div>\n\n\n\n<p><\/p>\n","protected":false},"excerpt":{"rendered":"<p>JAK PRACUJ\u0118 Ustalenie zakresu Zakres dopasowany do etapu i specyfiki inwestycji. Oblot i dokumentacja Sprawna realizacja bez ingerencji w prace na budowie. Materia\u0142y i analiza Aktualne dane wspieraj\u0105ce decyzje inwestycyjne.<\/p>\n","protected":false},"author":1,"featured_media":0,"parent":0,"menu_order":0,"comment_status":"closed","ping_status":"closed","template":"","meta":{"_editorskit_title_hidden":false,"_editorskit_reading_time":0,"_editorskit_is_block_options_detached":false,"_editorskit_block_options_position":"{}","neve_meta_sidebar":"default","neve_meta_container":"default","neve_meta_enable_content_width":"on","neve_meta_content_width":100,"neve_meta_title_alignment":"","neve_meta_author_avatar":"","neve_post_elements_order":"","neve_meta_disable_header":"","neve_meta_disable_footer":"","neve_meta_disable_title":"on","_themeisle_gutenberg_block_has_review":false,"footnotes":""},"class_list":["post-309","page","type-page","status-publish","hentry"],"_links":{"self":[{"href":"https:\/\/www.dronair.com.pl\/index.php\/wp-json\/wp\/v2\/pages\/309","targetHints":{"allow":["GET"]}}],"collection":[{"href":"https:\/\/www.dronair.com.pl\/index.php\/wp-json\/wp\/v2\/pages"}],"about":[{"href":"https:\/\/www.dronair.com.pl\/index.php\/wp-json\/wp\/v2\/types\/page"}],"author":[{"embeddable":true,"href":"https:\/\/www.dronair.com.pl\/index.php\/wp-json\/wp\/v2\/users\/1"}],"replies":[{"embeddable":true,"href":"https:\/\/www.dronair.com.pl\/index.php\/wp-json\/wp\/v2\/comments?post=309"}],"version-history":[{"count":109,"href":"https:\/\/www.dronair.com.pl\/index.php\/wp-json\/wp\/v2\/pages\/309\/revisions"}],"predecessor-version":[{"id":682,"href":"https:\/\/www.dronair.com.pl\/index.php\/wp-json\/wp\/v2\/pages\/309\/revisions\/682"}],"wp:attachment":[{"href":"https:\/\/www.dronair.com.pl\/index.php\/wp-json\/wp\/v2\/media?parent=309"}],"curies":[{"name":"wp","href":"https:\/\/api.w.org\/{rel}","templated":true}]}}